{"id":30,"date":"2026-03-20T12:58:00","date_gmt":"2026-03-20T12:58:00","guid":{"rendered":"http:\/\/cdcerrito.gob.ar\/?page_id=30"},"modified":"2026-03-20T16:35:33","modified_gmt":"2026-03-20T16:35:33","slug":"autoridades","status":"publish","type":"page","link":"https:\/\/cdcerrito.gob.ar\/?page_id=30","title":{"rendered":"Autoridades 2023-2027"},"content":{"rendered":"<p><span style=\"color: #003366;\"><b>PRESIDENTE DEL CONCEJO DELIBERANTE<\/b><\/span><\/p>\n<p>Dra. Liliana Judith Belloni<\/p>\n<hr>\n<p><strong><span style=\"color: #003366;\">SECRETARIA DEL CONCEJO DELIBERANTE<\/span><\/strong><\/p>\n<p>Melissa Luisina Andrian<\/p>\n<hr>\n<p style=\"text-align: left;\"><span style=\"color: #003366;\"><strong>CONCEJALES:<\/strong><\/span><\/p>\n<hr>\n<p><span style=\"color: #003366;\"><strong>BLOQUE UNI\u00d3<\/strong><\/span><span style=\"color: #003366;\"><strong>N VECINAL CERRITO<\/strong><\/span><\/p>\n<hr>\n<p>Concejal Gladys Haydee Dab\u00edn<\/p>\n<p>Concejal J\u00e9sica Bel\u00e9n Regondi<\/p>\n<p>Concejal Daniel Omar Getti<\/p>\n<p>Concejal Mar\u00eda Corina Albornoz<\/p>\n<p>Concejal Horacio Leonildo Menghi<\/p>\n<hr>\n<p><span style=\"color: #003366;\"><strong>BLOQUE ALIANZA JUNTOS POR ENTRE R\u00cdOS<\/strong><\/span><\/p>\n<hr>\n<p>Concejal Am\u00edlcar Jos\u00e9 Cardoso<\/p>\n<p>Concejal Florencia Guerrero<\/p>\n<hr>\n<p><span style=\"color: #003366;\"><strong>BLOQUE ALIANZA M\u00c1S PARA ENTRE R\u00cdOS<\/strong><\/span><\/p>\n<hr>\n<p>Concejal Flavia Bel\u00e9n Romero<\/p>\n<p>Concejal Ra\u00fal \u00c1ngel M\u00e9ndez<\/p>\n<p><a href=\"https:\/\/cdcerrito.gob.ar\/wp-content\/uploads\/Apertura-todos-2.jpg.jpeg\"><img loading=\"lazy\" class=\"alignnone size-full wp-image-6616\" src=\"https:\/\/cdcerrito.gob.ar\/wp-content\/uploads\/Apertura-todos-2.jpg.jpeg\" alt=\"\" width=\"1615\" height=\"945\" srcset=\"https:\/\/cdcerrito.gob.ar\/wp-content\/uploads\/Apertura-todos-2.jpg.jpeg 1615w, https:\/\/cdcerrito.gob.ar\/wp-content\/uploads\/Apertura-todos-2.jpg-768x449.jpeg 768w, https:\/\/cdcerrito.gob.ar\/wp-content\/uploads\/Apertura-todos-2.jpg-1536x899.jpeg 1536w\" sizes=\"(max-width: 1615px) 100vw, 1615px\" \/><\/a><\/p>\n","protected":false},"excerpt":{"rendered":"<p>PRESIDENTE DEL CONCEJO DELIBERANTE Dra. Liliana Judith Belloni SECRETARIA DEL CONCEJO DELIBERANTE Melissa Luisina Andrian CONCEJALES: BLOQUE UNI\u00d3N VECINAL CERRITO Concejal Gladys Haydee Dab\u00edn Concejal J\u00e9sica Bel\u00e9n Regondi Concejal Daniel Omar Getti Concejal Mar\u00eda Corina Albornoz Concejal Horacio Leonildo Menghi BLOQUE ALIANZA JUNTOS POR ENTRE R\u00cdOS Concejal Am\u00edlcar Jos\u00e9 Cardoso Concejal Florencia Guerrero BLOQUE ALIANZA [&hellip;]<\/p>\n","protected":false},"author":1,"featured_media":0,"parent":0,"menu_order":0,"comment_status":"closed","ping_status":"closed","template":"","meta":{"_links_to":"","_links_to_target":""},"_links":{"self":[{"href":"https:\/\/cdcerrito.gob.ar\/index.php?rest_route=\/wp\/v2\/pages\/30"}],"collection":[{"href":"https:\/\/cdcerrito.gob.ar\/index.php?rest_route=\/wp\/v2\/pages"}],"about":[{"href":"https:\/\/cdcerrito.gob.ar\/index.php?rest_route=\/wp\/v2\/types\/page"}],"author":[{"embeddable":true,"href":"https:\/\/cdcerrito.gob.ar\/index.php?rest_route=\/wp\/v2\/users\/1"}],"replies":[{"embeddable":true,"href":"https:\/\/cdcerrito.gob.ar\/index.php?rest_route=%2Fwp%2Fv2%2Fcomments&post=30"}],"version-history":[{"count":31,"href":"https:\/\/cdcerrito.gob.ar\/index.php?rest_route=\/wp\/v2\/pages\/30\/revisions"}],"predecessor-version":[{"id":6622,"href":"https:\/\/cdcerrito.gob.ar\/index.php?rest_route=\/wp\/v2\/pages\/30\/revisions\/6622"}],"wp:attachment":[{"href":"https:\/\/cdcerrito.gob.ar\/index.php?rest_route=%2Fwp%2Fv2%2Fmedia&parent=30"}],"curies":[{"name":"wp","href":"https:\/\/api.w.org\/{rel}","templated":true}]}}