{"id":79,"date":"2013-03-11T16:05:37","date_gmt":"2013-03-11T16:05:37","guid":{"rendered":"http:\/\/cdcerrito.gob.ar\/?page_id=79"},"modified":"2020-11-16T23:26:59","modified_gmt":"2020-11-16T23:26:59","slug":"reglamento-de-gastos","status":"publish","type":"page","link":"https:\/\/cdcerrito.gob.ar\/?page_id=79","title":{"rendered":"Reglamento de Gastos"},"content":{"rendered":"<p style=\"text-align: center;\"><b><span style=\"text-decoration: underline;\">REGLAMENTO DE GASTOS<\/span><\/b><\/p>\n<p align=\"center\"><b><span style=\"text-decoration: underline;\">Disposiciones Generales<\/span><br \/>\n<\/b><\/p>\n<p><b>Art\u00edculo 1\u00b0: \u00c1mbito de aplicaci\u00f3n.\u00a0 <\/b>El presente Reglamento regir\u00e1 para el reintegro y\/o adelanto de gastos del Concejo Deliberante de Cerrito.<\/p>\n<p><b>Art\u00edculo 2\u00b0<\/b>: <b>Oportunidad: <\/b>Deber\u00e1 existir una estrecha relaci\u00f3n entre el motivo del gasto y la naturaleza del cargo que desempe\u00f1an, y se dar\u00e1 cuenta de las mismas ante el Cuerpo Deliberativo con las especificaciones que se detallan en la presente reglamentaci\u00f3n.<\/p>\n<p><b>\u00a0Art\u00edculo 3\u00b0: Sujetos beneficiarios.\u00a0 <\/b>Los gastos a que se refiere este Reglamento \u00fanicamente ser\u00e1n cubiertos a los miembros del Concejo Deliberante de la ciudad de Cerrito, en virtud de un acto v\u00e1lido y eficaz de investidura.<\/p>\n<p align=\"center\"><b><span style=\"text-decoration: underline;\">De las autorizaciones y liquidaciones<\/span><\/b><\/p>\n<p>\u00a0<b>Art\u00edculo 4\u00b0<\/b>: <b>Competencia<\/b>: El Presidente del Concejo Deliberante tendr\u00e1 a cargo las autorizaciones de las solicitudes, y las girar\u00e1 al \u00c1rea Municipal correspondiente para librar el pago o adelanto seg\u00fan corresponda.<\/p>\n<p><b>\u00a0Art\u00edculo 5\u00ba<\/b>: <b>Nota de Elevaci\u00f3n<\/b>: Los miembros deber\u00e1n solicitar los <i>adelantos <\/i>o <i>reintegros<\/i> de gastos mediante nota de elevaci\u00f3n, la cual deber\u00e1 expresar claramente su car\u00e1cter. La misma debe ser dirigida al Presidente del Concejo Deliberante y deber\u00e1 ser presentada en el horario de 07:00 a 13:00 hs en el Recinto.<\/p>\n<p><b>Art\u00edculo 6\u00b0<\/b>: <b>Adelanto de Gastos<\/b>. <b>Plazo<\/b>: En el caso de solicitar un <i>adelanto de gasto<\/i>, la presentaci\u00f3n de la misma deber\u00e1 realizarse con no menos de CINCO D\u00cdAS H\u00c1BILES de anticipaci\u00f3n, salvo que mediare una situaci\u00f3n urgente que amerite ser contemplada.<\/p>\n<p><b>Art\u00edculo 7\u00b0<\/b>: <b>Solicitud de Reintegros. Plazo<\/b>: Si la solicitud es de <i>reintegro de gastos<\/i>, se deber\u00e1 adjuntar el correspondiente comprobante fiscal (factura o ticket), teniendo como plazo m\u00e1ximo hasta TREINTA (30) D\u00cdAS CORRIDOS de realizada dicha operaci\u00f3n.<\/p>\n<p align=\"center\"><b><span style=\"text-decoration: underline;\">Formato de la liquidaci\u00f3n de gastos.<\/span><\/b><\/p>\n<p>\u00a0<b>Art\u00edculo 8\u00b0<\/b>: Los miembros del Concejo Deliberante al realizar la solicitud deber\u00e1n completar una <i>planilla <\/i>(Anexo I), en la cual se discriminar\u00e1:<\/p>\n<p>a)\u00a0\u00a0\u00a0 el tipo de gasto a realizar,<\/p>\n<p>b)\u00a0\u00a0\u00a0 fecha del comprobante presentado,<\/p>\n<p>c)\u00a0\u00a0\u00a0\u00a0 tipo,<\/p>\n<p>d)\u00a0\u00a0\u00a0 n\u00famero,<\/p>\n<p>e)\u00a0\u00a0\u00a0 proveedor,<\/p>\n<p>f)\u00a0\u00a0\u00a0\u00a0 bien o servicio solicitado,<\/p>\n<p>g)\u00a0\u00a0\u00a0 monto total,<\/p>\n<p>h)\u00a0\u00a0\u00a0 firma del solicitante.<\/p>\n<p><b>\u00a0Art\u00edculo 9\u00b0<\/b>: Al momento de efectivizarse el pago de lo solicitado, se confeccionar\u00e1 una <i>\u00a0planilla de descripci\u00f3n de pago <\/i>(Anexo II), la cual contar\u00e1 con las siguientes caracter\u00edsticas:<\/p>\n<p>a)\u00a0\u00a0\u00a0 fecha,<\/p>\n<p>b)\u00a0\u00a0\u00a0 monto,<\/p>\n<p>c)\u00a0\u00a0\u00a0\u00a0 n\u00famero de orden de pago,<\/p>\n<p>d)\u00a0\u00a0\u00a0 nombre y apellido del solicitante,<\/p>\n<p>e)\u00a0\u00a0\u00a0 detalle de solicitud<\/p>\n<p>f)\u00a0\u00a0\u00a0\u00a0 firma de recepci\u00f3n de pago del solicitante.<\/p>\n<p align=\"center\"><b>\u00a0<\/b><\/p>\n<p align=\"center\"><b><span style=\"text-decoration: underline;\">Documentaci\u00f3n Respaldatoria<\/span><\/b><\/p>\n<p><b>Art\u00edculo 10\u00b0<\/b>: <b>Validez Fiscal<\/b>. A los efectos de la aprobaci\u00f3n de gastos s\u00f3lo se considerar\u00e1n v\u00e1lidos los comprobantes que cuenten con la correspondiente homologaci\u00f3n de la Administraci\u00f3n Federal de Ingresos P\u00fablicos.<\/p>\n<p><b>Art\u00edculo 11\u00b0<\/b>: <b>N\u00f3mina de gastos y comprobaci\u00f3n<\/b>:<\/p>\n<p>a)\u00a0\u00a0\u00a0 <span style=\"text-decoration: underline;\">Movilidad o combustible<\/span>: en este rubro estar\u00e1 contemplado el pago de traslado o combustible si fuere solicitado, de todo miembro del Concejo que deba asistir a alg\u00fan determinado lugar fuera o dentro de la provincia, siempre y cuando est\u00e9 relacionado con la funci\u00f3n como tal. Para la solicitud del mismo ser\u00e1 necesario presentar: factura, tickets, pasajes o boletos.<\/p>\n<p>b)\u00a0\u00a0\u00a0 <span style=\"text-decoration: underline;\">Refrigerio y alimentaci\u00f3n<\/span>: estar\u00e1 contemplado siempre y cuando el agente se encuentre en actividades o funciones fuera o dentro de la localidad. Comprende gastos en servicio de refrigerio o desayuno, almuerzo y cena con bebidas sin alcohol. En este caso se deber\u00e1 presentar facturas o tickets que respalden el gasto.<\/p>\n<p>c)\u00a0\u00a0\u00a0\u00a0 <span style=\"text-decoration: underline;\">Estad\u00edas<\/span>: se contemplar\u00e1 toda aquella que se considere necesaria, en caso de encontrarse el agente alejado de la ciudad o fuera de la provincia y que se halle en funciones de su actividad como tal. Se deber\u00e1 presentar como comprobante la factura correspondiente de la misma con el detalle preciso de lugar, d\u00edas y tipo de estad\u00eda.<\/p>\n<p>d)\u00a0\u00a0\u00a0 <span style=\"text-decoration: underline;\">Papeler\u00eda y \u00fatiles<\/span>: estar\u00e1 contemplado todo aquel gasto de librer\u00eda, que est\u00e9 destinado a la actividad y en la medida que lo requiera su funci\u00f3n p\u00fablica. Se deber\u00e1 presentar la comprobaci\u00f3n mediante factura o tickets, que comprueben el gasto y que contengan el detalle preciso de la compra.<\/p>\n<p>e)\u00a0\u00a0\u00a0 <span style=\"text-decoration: underline;\">Comunicaciones<\/span>: se tendr\u00e1 en cuenta toda aquella llamada realizada desde locutorios o la compra de tarjetas telef\u00f3nicas que fuesen necesarias realizar y que ameriten a la funci\u00f3n como tal. Se deber\u00e1 presentar la comprobaci\u00f3n mediante factura o tickets (tarjetas).<\/p>\n<p>f)\u00a0\u00a0\u00a0\u00a0 <span style=\"text-decoration: underline;\">Honorarios<\/span>: Estar\u00e1n contemplados los gastos de honorarios de profesionales, t\u00e9cnicos e id\u00f3neos, siempre que mediare una necesidad al respecto, la que deber\u00e1 ser previamente analizada por los miembros del Concejo Deliberante.<\/p>\n<p>g)\u00a0\u00a0\u00a0 <span style=\"text-decoration: underline;\">Capacitaciones<\/span>: se realizar\u00e1n pagos correspondientes a aranceles que deban abonarse por cursos, talleres, seminarios, conferencias, capacitaciones u otro tipo de evento en el cual el funcionario deba asistir en funci\u00f3n a su actividad como tal. La misma deber\u00e1 ser respaldada por la factura o recibo correspondiente al abono de esta y todo aquel documento que amerite su participaci\u00f3n en la jornada.<\/p>\n<p align=\"center\">\u00a0<b><span style=\"text-decoration: underline;\"><br \/>\n<\/span><\/b><\/p>\n<p align=\"center\"><b><span style=\"text-decoration: underline;\">Disposiciones Generales<\/span><br \/>\n<\/b><\/p>\n<p><b>Art\u00edculo 12\u00b0<\/b>: <b>No presentaci\u00f3n de cuentas.\u00a0 <\/b>No se autorizar\u00e1 nuevos gastos al funcionario que tuviere pendiente la rendici\u00f3n de los mismos. El incumplimiento en la presentaci\u00f3n de la liquidaci\u00f3n de gastos dentro del plazo establecido en el Art\u00edculo N\u00ba 7 obligar\u00e1 a la autoridad m\u00e1xima del Concejo Deliberante a aplicar las sanciones disciplinarias que establezcan las leyes, reglamentos u otras disposiciones internas del Cuerpo Deliberativo.<\/p>\n<p><b>Art\u00edculo 13\u00b0: Autorizaciones especiales.\u00a0 <\/b>Las situaciones excepcionales que se presenten, podr\u00e1n someterse a consideraci\u00f3n del Concejo Deliberante, con el prop\u00f3sito de que sus miembros acuerden dar o no autorizaciones especiales por simple mayor\u00eda, sobre cualquier aspecto no contemplado en \u00e9ste Reglamento, si tales situaciones cumplen con los siguientes requisitos:<\/p>\n<p>a)\u00a0 Que la solicitud se haga previamente a la realizaci\u00f3n del gasto.<\/p>\n<p>b)\u00a0 Que la actividad sujeta a autorizaci\u00f3n no contravenga el orden jur\u00eddico vigente.<\/p>\n<p>c)\u00a0 Que la realizaci\u00f3n de la actividad sea conveniente al inter\u00e9s p\u00fablico.<\/p>\n<p>d)\u00a0 Que se trate de una situaci\u00f3n que ocurre en forma espor\u00e1dica o imprevista.<\/p>\n<p><b>\u00a0Art\u00edculo 14\u00b0: Vigencia.<\/b>\u00a0 Rige a partir de su publicaci\u00f3n.<\/p>\n<p>&nbsp;<\/p>\n<p>Para descargar el reglamento haga clic <a title=\"Reglamento de Gastos\" href=\"https:\/\/cdcerrito.gob.ar\/archivos\/reglamentogastos.doc\"><strong>AQUI<\/strong><\/a><\/p>\n<p>Para descargar planillas Anexo I y II haga clic <a title=\"Anexo I y II Reglamento de Gastos\" href=\"https:\/\/cdcerrito.gob.ar\/wp-content\/uploads\/Anexo-I-y-II-Reglamento-de-Gastos.doc\"><strong>AQUI<\/strong><\/a><\/p>\n","protected":false},"excerpt":{"rendered":"<p>REGLAMENTO DE GASTOS Disposiciones Generales Art\u00edculo 1\u00b0: \u00c1mbito de aplicaci\u00f3n.\u00a0 El presente Reglamento regir\u00e1 para el reintegro y\/o adelanto de gastos del Concejo Deliberante de Cerrito. Art\u00edculo 2\u00b0: Oportunidad: Deber\u00e1 existir una estrecha relaci\u00f3n entre el motivo del gasto y la naturaleza del cargo que desempe\u00f1an, y se dar\u00e1 cuenta de las mismas ante el [&hellip;]<\/p>\n","protected":false},"author":1,"featured_media":0,"parent":0,"menu_order":0,"comment_status":"closed","ping_status":"closed","template":"","meta":{"_links_to":"","_links_to_target":""},"_links":{"self":[{"href":"https:\/\/cdcerrito.gob.ar\/index.php?rest_route=\/wp\/v2\/pages\/79"}],"collection":[{"href":"https:\/\/cdcerrito.gob.ar\/index.php?rest_route=\/wp\/v2\/pages"}],"about":[{"href":"https:\/\/cdcerrito.gob.ar\/index.php?rest_route=\/wp\/v2\/types\/page"}],"author":[{"embeddable":true,"href":"https:\/\/cdcerrito.gob.ar\/index.php?rest_route=\/wp\/v2\/users\/1"}],"replies":[{"embeddable":true,"href":"https:\/\/cdcerrito.gob.ar\/index.php?rest_route=%2Fwp%2Fv2%2Fcomments&post=79"}],"version-history":[{"count":5,"href":"https:\/\/cdcerrito.gob.ar\/index.php?rest_route=\/wp\/v2\/pages\/79\/revisions"}],"predecessor-version":[{"id":82,"href":"https:\/\/cdcerrito.gob.ar\/index.php?rest_route=\/wp\/v2\/pages\/79\/revisions\/82"}],"wp:attachment":[{"href":"https:\/\/cdcerrito.gob.ar\/index.php?rest_route=%2Fwp%2Fv2%2Fmedia&parent=79"}],"curies":[{"name":"wp","href":"https:\/\/api.w.org\/{rel}","templated":true}]}}