{"id":96,"date":"2013-03-13T02:45:25","date_gmt":"2013-03-13T02:45:25","guid":{"rendered":"http:\/\/cdcerrito.gob.ar\/?page_id=96"},"modified":"2013-03-14T00:07:21","modified_gmt":"2013-03-14T00:07:21","slug":"escudo","status":"publish","type":"page","link":"https:\/\/cdcerrito.gob.ar\/?page_id=96","title":{"rendered":"Escudo de Cerrito"},"content":{"rendered":"<p style=\"text-align: right;\">ORDENANZA N\u00ba 62<\/p>\n<p style=\"text-align: right;\">Cerrito, 27 de Octubre 1975<\/p>\n<p>VISTO: Que es conveniente que el Municipio de Cerrito adopte un s\u00edmbolo que la distinga de sus similares: y;<\/p>\n<p>CONSIDERANDO: Que el d\u00eda 22 de Junio de 1974 el se\u00f1or Delegado Interventor en el Municipio de Cerrito asumi\u00f3 sus funciones por disposici\u00f3n y asistencia personal del Exmo. Se\u00f1or Gobernador de la Provincia D. Enrique Tom\u00e1s Cresto.- Que en oportunidad de la demostraci\u00f3n ofrecida por los vecinos de \u00e9ste pueblo a las altas autoridades que concurrieran el Se\u00f1or Secretario Municipal D. Adriano Eusebio Zaragoza present\u00f3 a consideraci\u00f3n de la magna Asamblea un escudo ideado en el que representa un labrador que fueron los primeros habitantes que en tal funci\u00f3n poblaron estas comarcas y que por un\u00e1nime exclamaci\u00f3n fue aceptado.- Que en el mismo se observa un labrador empu\u00f1ando una picana con el primitivo arado a mancera tirado por dos bueyes, en la parte superior aparece como imaginando entre las nubes a \u201cSan Isidro\u201d Santo de su veneraci\u00f3n, a qui\u00e9n invoca su protecci\u00f3n para la bendici\u00f3n de su trabajo y la visi\u00f3n de modernos elementos de tecnificaci\u00f3n agraria y el futuro progreso de lo que posteriormente se convertir\u00e1 en una Gran Ciudad.- Que el sol naciente ha de ser el testimonio de su juramento por el esfuerzo realizado en holocausto de su familia y la grandeza de la patria.- Que en la parte inferior del escudo se divisan las doradas espigas de trigo, bendici\u00f3n de Dios por su esp\u00edritu de abnegaci\u00f3n.-<\/p>\n<p>POR ELLO: El Delegado Interventor en el Municipio de Cerrito, sanciona y promulga con fuerza de:<\/p>\n<p style=\"text-align: center;\">ORDENANZA<\/p>\n<p>ART\u00cdCULO 1\u00ba: Aceptase como escudo de la Municipalidad de Cerrito, el clis\u00e9 presentado por el Se\u00f1or Adriano Eusebio Zaragoza.-<\/p>\n<p>ART\u00cdCULO 2\u00ba: Apru\u00e9bese su confecci\u00f3n realizada de acuerdo al presupuesto y caracter\u00edsticas presentadas por la firma Bodernmann Dibujos \u2013 Publicidad, con domicilio en calle Andr\u00e9s Pazos N\u00ba 287 de la Ciudad de Paran\u00e1, por un valor total de $4.000= (cuatro mil pesos), y posteriormente col\u00f3quese en el frontispicio de la Casa Municipal.-<\/p>\n<p>ART\u00cdCULO 3\u00ba: T\u00e9ngase los mismos como distintivo Oficiales de la Municipalidad de Cerrito, de acuerdo a las caracter\u00edsticas mencionadas precedentemente.-<\/p>\n<p>ART\u00cdCULO 4\u00ba: Comun\u00edquese, publ\u00edquese, reg\u00edstrese y arch\u00edvese.- Otra si \u201cdigo\u201d unanimidad tachado no vale.-<\/p>\n<p>Adriano Zaragoza &#8211;\u00a0Secretario Municipal<\/p>\n<p>Jorge A. Yaryez &#8211;\u00a0Delegado Interventor<br \/>\n<a href=\"https:\/\/cdcerrito.gob.ar\/wp-content\/uploads\/escudo-cerrito.png\"><img loading=\"lazy\" class=\"aligncenter size-full wp-image-97\" alt=\"Escudo Cerrito\" src=\"https:\/\/cdcerrito.gob.ar\/wp-content\/uploads\/escudo-cerrito.png\" width=\"231\" height=\"314\" srcset=\"https:\/\/cdcerrito.gob.ar\/wp-content\/uploads\/escudo-cerrito.png 231w, https:\/\/cdcerrito.gob.ar\/wp-content\/uploads\/escudo-cerrito-220x300.png 220w\" sizes=\"(max-width: 231px) 100vw, 231px\" \/><\/a><\/p>\n","protected":false},"excerpt":{"rendered":"<p>ORDENANZA N\u00ba 62 Cerrito, 27 de Octubre 1975 VISTO: Que es conveniente que el Municipio de Cerrito adopte un s\u00edmbolo que la distinga de sus similares: y; CONSIDERANDO: Que el d\u00eda 22 de Junio de 1974 el se\u00f1or Delegado Interventor en el Municipio de Cerrito asumi\u00f3 sus funciones por disposici\u00f3n y asistencia personal del Exmo. [&hellip;]<\/p>\n","protected":false},"author":1,"featured_media":0,"parent":0,"menu_order":0,"comment_status":"open","ping_status":"closed","template":"","meta":{"_links_to":"","_links_to_target":""},"_links":{"self":[{"href":"https:\/\/cdcerrito.gob.ar\/index.php?rest_route=\/wp\/v2\/pages\/96"}],"collection":[{"href":"https:\/\/cdcerrito.gob.ar\/index.php?rest_route=\/wp\/v2\/pages"}],"about":[{"href":"https:\/\/cdcerrito.gob.ar\/index.php?rest_route=\/wp\/v2\/types\/page"}],"author":[{"embeddable":true,"href":"https:\/\/cdcerrito.gob.ar\/index.php?rest_route=\/wp\/v2\/users\/1"}],"replies":[{"embeddable":true,"href":"https:\/\/cdcerrito.gob.ar\/index.php?rest_route=%2Fwp%2Fv2%2Fcomments&post=96"}],"version-history":[{"count":5,"href":"https:\/\/cdcerrito.gob.ar\/index.php?rest_route=\/wp\/v2\/pages\/96\/revisions"}],"predecessor-version":[{"id":111,"href":"https:\/\/cdcerrito.gob.ar\/index.php?rest_route=\/wp\/v2\/pages\/96\/revisions\/111"}],"wp:attachment":[{"href":"https:\/\/cdcerrito.gob.ar\/index.php?rest_route=%2Fwp%2Fv2%2Fmedia&parent=96"}],"curies":[{"name":"wp","href":"https:\/\/api.w.org\/{rel}","templated":true}]}}